{"id":1148,"date":"2024-09-11T13:31:31","date_gmt":"2024-09-11T13:31:31","guid":{"rendered":"https:\/\/torwar.pl\/regulations\/"},"modified":"2024-10-24T08:21:17","modified_gmt":"2024-10-24T08:21:17","slug":"regulations","status":"publish","type":"page","link":"https:\/\/torwar.pl\/en\/regulations\/","title":{"rendered":"Regulations"},"content":{"rendered":"<p>[et_pb_section fb_built=&#8221;1&#8243; _builder_version=&#8221;4.27.0&#8243; _module_preset=&#8221;default&#8221; background_color=&#8221;#ededed&#8221; background_enable_image=&#8221;off&#8221; background_position=&#8221;top_center&#8221; global_colors_info=&#8221;{}&#8221;][et_pb_row _builder_version=&#8221;4.27.0&#8243; _module_preset=&#8221;default&#8221; width=&#8221;79.7%&#8221; global_colors_info=&#8221;{}&#8221;][et_pb_column type=&#8221;4_4&#8243; _builder_version=&#8221;4.27.0&#8243; _module_preset=&#8221;default&#8221; global_colors_info=&#8221;{}&#8221;][et_pb_blurb title=&#8221;RULES and REGULATIONS FOR PUBLICLY ACCESSIBLE ICE RINK&#8221; content_max_width=&#8221;100%&#8221; _builder_version=&#8221;4.27.0&#8243; _module_preset=&#8221;default&#8221; header_text_color=&#8221;#005c68&#8243; body_font=&#8221;|300|||||||&#8221; body_text_color=&#8221;#000000&#8243; body_font_size=&#8221;13px&#8221; locked=&#8221;off&#8221; global_colors_info=&#8221;{}&#8221;]<\/p>\n<p>RULES and REGULATIONS FOR PUBLICLY ACCESSIBLE ICE RINK 1. Person with a valid entry ticket are authorized to use the ice rink. 2. The ticket must be always kept for inspection while using the ice rink. 3. People purchasing a ticket for a child\u2019s guardian do not have the right to enter the ice rink. 4. Reduced tickets are available to children over 3 years of age, teenagers and students up to 26 years of age. 5. The purchase season ticket entitles one person to ten times admission to ten times admission to the ice rink and is valid until the end of the current season. 6. Participants of the ice rink bear the risk of practicing amateur sport. 7. Be extremely careful while skating on the ice rink. 8. It is recommended to wear protective gloves and helmets, especially for small children. 9. Children under 7 years of age may use the ice rink only under adult supervision. 10. It is the responsibility of people using ice rink to follow the rules and regulations and instruction given by the loudspeakers. 11. Conducting skating lessons, group classes require the agreement and consent of the ice rink manager. 12. The organizer is not responsible for items left outside the locker room. 13. The organizer is not responsible for any damage to anything brought to the ice rink for e.g mobile phone. 14. Person under the influence of alcohol or other intoxicants are prohibited from entering and staying on the premises. 15. People breaking the rules will be asked to leave the ice rink without the right to a refund for the purchased ticked. 16. People who constantly break the rules will be banned from using the ice rink. 17. Comments and complaints regarding the operation of the ice rink can be reported to the organizers or the facility manager. 18. Any accidents that occur on the ice rink must be immediately reported to the ice rink staff. PEOPLE USING THE ICE RINK ARE NOT ALLOWED 1. Organizing races, dangerous games, skating against the flow, hitting and undercutting other users. 2. Riding with children on hand. 3. Riding on long skates, riding with hockey sticks, backpack etc. 4. Bringing food, drinks in glass bottles or cans. 5. Throwing snowballs. 6. Walking on the ice rink in shoes. 7. Smoking and drinking alcohol.<\/p>\n<p>[\/et_pb_blurb][et_pb_blurb title=&#8221;Rental Regulations&#8221; content_max_width=&#8221;100%&#8221; _builder_version=&#8221;4.27.0&#8243; _module_preset=&#8221;default&#8221; header_text_color=&#8221;#005c68&#8243; body_font=&#8221;|300|||||||&#8221; body_text_color=&#8221;#000000&#8243; body_font_size=&#8221;13px&#8221; locked=&#8221;off&#8221; global_colors_info=&#8221;{}&#8221;]<\/p>\n<p>Regulamin wypo\u017cyczalni<\/p>\n<p>1. \u0141y\u017cwy wypo\u017cycza si\u0119 za kaucj\u0105 w wysoko\u015bci 20 z\u0142 za 1 par\u0119 \u0142y\u017cew.<br \/>2. Przy wypo\u017cyczeniu nale\u017cy ui\u015bci\u0107 kwot\u0119 zgodn\u0105 z aktualnym cennikiem.<br \/>3. Mo\u017cliwe jest wypo\u017cyczenie \u0142y\u017cew bez kaucji, za dobrowolnym pozostawieniem przez wypo\u017cyczaj\u0105cego wa\u017cnego dokumentu ze zdj\u0119ciem, przy zachowaniu warunk\u00f3w okre\u015blonych w niniejszym regulaminie:<\/p>\n<p>a. Wypo\u017cyczalnia przechowuje pozostawiony dokument do czasu jego osobistego odbioru przez wypo\u017cyczaj\u0105cego.<br \/>b. Nie honoruje si\u0119 dokument\u00f3w rodzic\u00f3w, innych cz\u0142onk\u00f3w rodziny lub znajomych, je\u017celi nie s\u0105 oni obecni przy wypo\u017cyczeniu i nie wyra\u017c\u0105 zgody na pozostawienie dokumentu. Osoba pozostawiaj\u0105ca dokument uwa\u017cana jest za wypo\u017cyczaj\u0105cego.<br \/>c. Na jeden dokument wypo\u017cycza si\u0119 maksymalnie dwie pary \u0142y\u017cew. \u0141y\u017cwy wypo\u017cyczone na jeden dokument nale\u017cy zwr\u00f3ci\u0107 razem.<br \/>d. Pozostawiony dokument zwracany jest wypo\u017cyczaj\u0105cemu na ka\u017cde jego \u017c\u0105danie.<br \/>e. Wypo\u017cyczaj\u0105cy oddaj\u0105c \u0142y\u017cwy powinien wyra\u017anie wskaza\u0107 swoje imi\u0119 i nazwisko zawarte w pozostawionym dokumencie.<br \/>f. Pracownik wypo\u017cyczalni sprawdza czy imi\u0119 i nazwisko wypo\u017cyczaj\u0105cego jest zgodne z tre\u015bci\u0105 dokumentu i czy wypo\u017cyczaj\u0105cy odpowiada osobie na zdj\u0119ciu. Wypo\u017cyczaj\u0105cy w chwili otrzymania dokumentu, przed oddaleniem si\u0119 z wypo\u017cyczalni, ma obowi\u0105zek sprawdzi\u0107 prawid\u0142owo\u015b\u0107 odebranego dokumentu.<br \/>g. Je\u017celi w chwili \u017c\u0105dania zwrotu dokumentu nie zostan\u0105 zwr\u00f3cone wypo\u017cyczone \u0142y\u017cwy lub wypo\u017cyczone \u0142y\u017cwy zostan\u0105 zwr\u00f3cone zniszczone wypo\u017cyczaj\u0105cy ma obowi\u0105zek ui\u015bci\u0107 op\u0142at\u0119 dodatkow\u0105 zgodn\u0105 z cennikiem, za ka\u017cd\u0105 par\u0119 niezr\u00f3conych \/ zniszczonych \u0142y\u017cew.<br \/>h. Je\u017celi wypo\u017cyczaj\u0105cy nie ui\u015bci op\u0142aty dodatkowej zgodnie z pkt. d. wypo\u017cyczalnia zwracaj\u0105c dokument utrwali dane osobowe wypo\u017cyczaj\u0105cego niezb\u0119dne do dochodzenia roszcze\u0144 z tytu\u0142u niezwr\u00f3cenia \/ zniszczenia wypo\u017cyczonych \u0142y\u017cew. Dane te obejmuj\u0105 imi\u0119 i nazwisko, adres, dat\u0119 urodzenia lub nr PESEL wypo\u017cyczaj\u0105cego, a w przypadku os\u00f3b ma\u0142oletnich r\u00f3wnie\u017c imi\u0119 i nazwisko oraz adres przedstawiciela ustawowego ma\u0142oletniego. Wypo\u017cyczaj\u0105cy kwituje odbi\u00f3r dokumentu bez zwrotu wypo\u017cyczonych \u0142y\u017cew.<br \/>i. Dane osobowe zawarte w dokumentach nie s\u0105 i nie b\u0119d\u0105 przetwarzane w \u017caden inny spos\u00f3b ni\u017c wskazany w pkt. a. i h. powy\u017cej, a w szczeg\u00f3lno\u015bci nie s\u0105 i nie b\u0119d\u0105 kopiowane, utrwalane, przetwarzane ani udost\u0119pniane.<br \/>4. \u0141y\u017cwy wypo\u017cycza si\u0119 tylko na okres jednej sesji \/ zaj\u0119\u0107<br \/>5. W wypadku nie oddania \u0142y\u017cew po zako\u0144czeniu sesji \/ zaj\u0119\u0107 pobierana b\u0119dzie op\u0142ata za ka\u017cd\u0105 rozpocz\u0119t\u0105 godzin\u0119 wed\u0142ug cennika obowi\u0105zuj\u0105cego przy standardowym wypo\u017cyczeniu \u0142y\u017cew.<br \/>6. Za zgubienie lub zniszczenie \u0142y\u017cew b\u0119dzie pobierana op\u0142ata dodatkowa w wysoko\u015bci aktualnej rynkowej ceny nowych \u0142y\u017cew.<br \/>7. \u0141y\u017cwy oddaje si\u0119 oczyszczone ze \u015bniegu oraz z u\u0142o\u017conymi wk\u0142adkami w butach plastikowych.<br \/>8. Nale\u017cy odda\u0107 \u0142y\u017cwy w miar\u0119 mo\u017cliwo\u015bci jak najszybciej po zako\u0144czeniu sesji zaj\u0119\u0107.<br \/>9. Przy wypo\u017cyczeniu jak i przy oddawaniu \u0142y\u017cew obowi\u0105zuje kolejka.<br \/>10. Wymiany \u0142y\u017cew dokonuje si\u0119 poza kolejno\u015bci\u0105.<br \/>11. Zabrania si\u0119 chodzenia w \u0142y\u017cwach po nieprzystosowanym do tego pod\u0142o\u017cu (np. betonie)<br \/>12. Ka\u017cdy korzystaj\u0105cy z wypo\u017cyczalni jest zobligowany do zapoznania si\u0119 z powy\u017cszym regulaminem i przestrzegania jego zasad.<br \/>13. Uwagi na temat dzia\u0142ania wypo\u017cyczalni prosimy kierowa\u0107 do organizatora wypo\u017cyczalni<\/p>\n<p>[\/et_pb_blurb][et_pb_code _builder_version=&#8221;4.27.0&#8243; _module_preset=&#8221;default&#8221; global_colors_info=&#8221;{}&#8221;]<jakdojade-planner-widget city-symbol=\"WARSZAWA\" locale=\"pl\" max-res=\"5\" theme=\"wtk-red\"><!-- [et_pb_line_break_holder] --><\/jakdojade-planner-widget><!-- [et_pb_line_break_holder] --><script src=\"https:\/\/jakdojade.pl\/widgets\/elements.js\"><\/script><\/pee>[\/et_pb_code][\/et_pb_column][\/et_pb_row][\/et_pb_section]<\/p>\n","protected":false},"excerpt":{"rendered":"<p>RULES and REGULATIONS FOR PUBLICLY ACCESSIBLE ICE RINK 1. Person with a valid entry ticket are authorized to use the ice rink. 2. The ticket must be always kept for inspection while using the ice rink. 3. People purchasing a ticket for a child\u2019s guardian do not have the right to enter the ice rink. [&hellip;]<\/p>\n","protected":false},"author":2,"featured_media":0,"parent":0,"menu_order":0,"comment_status":"closed","ping_status":"closed","template":"","meta":{"_acf_changed":false,"_et_pb_use_builder":"on","_et_pb_old_content":"","_et_gb_content_width":"","footnotes":""},"class_list":["post-1148","page","type-page","status-publish","hentry"],"acf":[],"_links":{"self":[{"href":"https:\/\/torwar.pl\/en\/wp-json\/wp\/v2\/pages\/1148","targetHints":{"allow":["GET"]}}],"collection":[{"href":"https:\/\/torwar.pl\/en\/wp-json\/wp\/v2\/pages"}],"about":[{"href":"https:\/\/torwar.pl\/en\/wp-json\/wp\/v2\/types\/page"}],"author":[{"embeddable":true,"href":"https:\/\/torwar.pl\/en\/wp-json\/wp\/v2\/users\/2"}],"replies":[{"embeddable":true,"href":"https:\/\/torwar.pl\/en\/wp-json\/wp\/v2\/comments?post=1148"}],"version-history":[{"count":2,"href":"https:\/\/torwar.pl\/en\/wp-json\/wp\/v2\/pages\/1148\/revisions"}],"predecessor-version":[{"id":1150,"href":"https:\/\/torwar.pl\/en\/wp-json\/wp\/v2\/pages\/1148\/revisions\/1150"}],"wp:attachment":[{"href":"https:\/\/torwar.pl\/en\/wp-json\/wp\/v2\/media?parent=1148"}],"curies":[{"name":"wp","href":"https:\/\/api.w.org\/{rel}","templated":true}]}}